{"id":406,"date":"2021-01-20T17:39:08","date_gmt":"2021-01-20T16:39:08","guid":{"rendered":"https:\/\/tractrac.it\/dev\/?page_id=406"},"modified":"2021-01-20T17:40:27","modified_gmt":"2021-01-20T16:40:27","slug":"normative-e-regolamenti","status":"publish","type":"page","link":"https:\/\/tractrac.it\/dev\/normative-e-regolamenti\/","title":{"rendered":"Normative e Regolamenti"},"content":{"rendered":"\t\t<div data-elementor-type=\"wp-page\" data-elementor-id=\"406\" class=\"elementor elementor-406\" data-elementor-settings=\"[]\">\n\t\t\t\t\t\t<div class=\"elementor-inner\">\n\t\t\t\t\t\t\t<div class=\"elementor-section-wrap\">\n\t\t\t\t\t\t\t<section class=\"elementor-section elementor-top-section elementor-element elementor-element-740afbc elementor-section-boxed elementor-section-height-default elementor-section-height-default\" data-id=\"740afbc\" data-element_type=\"section\">\n\t\t\t\t\t\t<div class=\"elementor-container elementor-column-gap-default\">\n\t\t\t\t\t\t\t<div class=\"elementor-row\">\n\t\t\t\t\t<div class=\"elementor-column elementor-col-100 elementor-top-column elementor-element elementor-element-13a84c1\" data-id=\"13a84c1\" data-element_type=\"column\">\n\t\t\t<div class=\"elementor-column-wrap elementor-element-populated\">\n\t\t\t\t\t\t\t<div class=\"elementor-widget-wrap\">\n\t\t\t\t\t\t<div class=\"elementor-element elementor-element-b5e343a elementor-widget elementor-widget-heading\" data-id=\"b5e343a\" data-element_type=\"widget\" data-widget_type=\"heading.default\">\n\t\t\t\t<div class=\"elementor-widget-container\">\n\t\t\t<h2 class=\"elementor-heading-title elementor-size-default\">Normativa e Regolamenti (controllare links files)<\/h2>\t\t<\/div>\n\t\t\t\t<\/div>\n\t\t\t\t<div class=\"elementor-element elementor-element-fd6440b elementor-widget elementor-widget-text-editor\" data-id=\"fd6440b\" data-element_type=\"widget\" data-widget_type=\"text-editor.default\">\n\t\t\t\t<div class=\"elementor-widget-container\">\n\t\t\t\t\t<div class=\"elementor-text-editor elementor-clearfix\"><div class=\"wpb_text_column wpb_content_element \"><div class=\"wpb_wrapper\"><p>In questa pagina pubblichiamo le normative e i regolamenti per la partecipazione alle regate.<\/p><h3>NORMATIVA<\/h3><p><a href=\"https:\/\/www.classefinn.it\/wp17\/wp-content\/uploads\/2019\/04\/normativa_spasn_2019-pubblicazione_cf_2_marzo_2019.pdf\" target=\"_blank\" rel=\"noopener noreferrer\"><strong><img loading=\"lazy\" decoding=\"async\" class=\"size-full wp-image-1983\" src=\"http:\/\/www.classefinn.it\/wp17\/wp-content\/uploads\/2017\/04\/link.png\" alt=\"\" width=\"14\" height=\"14\" \/>\u00a0<\/strong>Normativa FIV 2019<\/a>\u00a0(aggiornamento dopo il Consiglio Federale del 2 marzo 2019)<\/p><p><a href=\"https:\/\/www.classefinn.it\/wp17\/wp-content\/uploads\/2019\/01\/Scheda_Regolamenti_Classi_FINN.pdf\" target=\"_blank\" rel=\"noopener noreferrer\"><strong><img loading=\"lazy\" decoding=\"async\" class=\"size-full wp-image-1983\" src=\"http:\/\/www.classefinn.it\/wp17\/wp-content\/uploads\/2017\/04\/link.png\" alt=\"\" width=\"14\" height=\"14\" \/>\u00a0<\/strong>Normativa FIV per la classe FINN 2019<\/a><\/p><p><a href=\"https:\/\/www.classefinn.it\/wp17\/wp-content\/uploads\/2019\/04\/normativa_tesseramento_aggiornata_al_2-3-2019.pdf\" target=\"_blank\" rel=\"noopener noreferrer\"><strong><img loading=\"lazy\" decoding=\"async\" class=\"size-full wp-image-1983\" src=\"http:\/\/www.classefinn.it\/wp17\/wp-content\/uploads\/2017\/04\/link.png\" alt=\"\" width=\"14\" height=\"14\" \/>\u00a0<\/strong>Normativa tesseramento FIV 2019<\/a><\/p><p><strong>ATTENZIONE!<\/strong><\/p><p>Dal 2019 la Normativa FIV prescrive la\u00a0<strong>visita medica di Tipo B (Agonistica)<\/strong>\u00a0per la partecipazione alle Regate Nazionali (Coppa Italia) e al Campionato Italiano (CICO).<\/p><p>Sono esclusi da questo obbligo i tesserati\u00a0<strong>over 60<\/strong>\u00a0(pag. 12 della normativa sul tesseramento)<\/p><p>Nel 2021 la novit\u00e0 \u00e8 che si andr\u00e0 verso<strong>\u00a0l\u2019obbligo della visita medica di Tipo B (Agonistica)<\/strong>\u00a0anche per gli over 60\u00a0<\/p><\/div><\/div><div class=\"separator  normal   \">\u00a0<\/div><div class=\"wpb_text_column wpb_content_element \"><div class=\"wpb_wrapper\"><h3>REGOLAMENTO DI REGATA<\/h3><p><a href=\"http:\/\/www.federvela.it\/federvela\/normative-e-regolamenti\/regole-di-regata.html\" target=\"_blank\" rel=\"noopener noreferrer\"><strong><img loading=\"lazy\" decoding=\"async\" class=\"size-full wp-image-1983\" src=\"http:\/\/www.classefinn.it\/wp17\/wp-content\/uploads\/2017\/04\/link.png\" alt=\"\" width=\"14\" height=\"14\" \/>\u00a0<\/strong>Regolamento di Regata 2021-2024<\/a><\/p><\/div><\/div><div class=\"separator  normal   \">\u00a0<\/div><div class=\"wpb_text_column wpb_content_element \"><div class=\"wpb_wrapper\"><h3>REGOLA 42<\/h3><p><a href=\"https:\/\/www.classefinn.it\/wp17\/wp-content\/uploads\/2019\/01\/Rule-42_Notes_Finn_2014-ita.pdf\" target=\"_blank\" rel=\"noopener noreferrer\"><strong><img loading=\"lazy\" decoding=\"async\" class=\"size-full wp-image-1983\" src=\"http:\/\/www.classefinn.it\/wp17\/wp-content\/uploads\/2017\/04\/link.png\" alt=\"\" width=\"14\" height=\"14\" \/>\u00a0<\/strong>Infrazioni\u00a0pi\u00f9 comuni alla reg. 42 nel Finn (2014 \u2013 in italiano)<\/a><\/p><p><a href=\"https:\/\/www.classefinn.it\/wp17\/wp-content\/uploads\/2019\/01\/Rule42Finn2015-18761.pdf\" target=\"_blank\" rel=\"noopener noreferrer\"><strong><img loading=\"lazy\" decoding=\"async\" class=\"size-full wp-image-1983\" src=\"http:\/\/www.classefinn.it\/wp17\/wp-content\/uploads\/2017\/04\/link.png\" alt=\"\" width=\"14\" height=\"14\" \/>\u00a0<\/strong>Rule 42 Most Common Breaches \u2013 Finn (2015 \u2013 in inglese)<\/a><\/p><\/div><\/div><\/div>\n\t\t\t\t<\/div>\n\t\t\t\t<\/div>\n\t\t\t\t\t\t<\/div>\n\t\t\t\t\t<\/div>\n\t\t<\/div>\n\t\t\t\t\t\t\t\t<\/div>\n\t\t\t\t\t<\/div>\n\t\t<\/section>\n\t\t\t\t\t\t<\/div>\n\t\t\t\t\t\t<\/div>\n\t\t\t\t\t<\/div>\n\t\t","protected":false},"excerpt":{"rendered":"<p>Normativa e Regolamenti (controllare links files) In questa pagina pubblichiamo le normative e i regolamenti per la partecipazione alle regate. NORMATIVA \u00a0Normativa FIV 2019\u00a0(aggiornamento dopo il Consiglio Federale del 2 marzo 2019) \u00a0Normativa FIV per la classe FINN 2019 \u00a0Normativa tesseramento FIV 2019 ATTENZIONE! Dal 2019 la Normativa FIV prescrive la\u00a0visita medica di Tipo B [&hellip;]<\/p>\n","protected":false},"author":1,"featured_media":0,"parent":0,"menu_order":0,"comment_status":"closed","ping_status":"closed","template":"","meta":{"footnotes":""},"class_list":["post-406","page","type-page","status-publish","hentry"],"_links":{"self":[{"href":"https:\/\/tractrac.it\/dev\/wp-json\/wp\/v2\/pages\/406","targetHints":{"allow":["GET"]}}],"collection":[{"href":"https:\/\/tractrac.it\/dev\/wp-json\/wp\/v2\/pages"}],"about":[{"href":"https:\/\/tractrac.it\/dev\/wp-json\/wp\/v2\/types\/page"}],"author":[{"embeddable":true,"href":"https:\/\/tractrac.it\/dev\/wp-json\/wp\/v2\/users\/1"}],"replies":[{"embeddable":true,"href":"https:\/\/tractrac.it\/dev\/wp-json\/wp\/v2\/comments?post=406"}],"version-history":[{"count":7,"href":"https:\/\/tractrac.it\/dev\/wp-json\/wp\/v2\/pages\/406\/revisions"}],"predecessor-version":[{"id":413,"href":"https:\/\/tractrac.it\/dev\/wp-json\/wp\/v2\/pages\/406\/revisions\/413"}],"wp:attachment":[{"href":"https:\/\/tractrac.it\/dev\/wp-json\/wp\/v2\/media?parent=406"}],"curies":[{"name":"wp","href":"https:\/\/api.w.org\/{rel}","templated":true}]}}